{"id":45,"date":"2022-01-21T13:57:47","date_gmt":"2022-01-21T13:57:47","guid":{"rendered":"http:\/\/sw-themes.com\/porto_dummy\/?page_id=45"},"modified":"2025-09-22T21:57:28","modified_gmt":"2025-09-23T00:57:28","slug":"services","status":"publish","type":"page","link":"https:\/\/rastreiointegrado.com.br\/index.php\/services\/","title":{"rendered":"Nossos Servi\u00e7os"},"content":{"rendered":"<section class=\"wpb-content-wrapper\"><p>[vc_row wrap_container=&#8221;yes&#8221; el_class=&#8221;m-b-xlg&#8221;][vc_column width=&#8221;1\/2&#8243;][vc_single_image image=&#8221;721&#8243; img_size=&#8221;full&#8221; animation_type=&#8221;bounceInRight&#8221;][\/vc_column][vc_column width=&#8221;1\/2&#8243;][vc_column_text]<\/p>\n<h3>Transporte Rodovi\u00e1rio de Cargas<\/h3>\n<p>[\/vc_column_text][vc_column_text]<\/p>\n<p style=\"text-align: justify;\">A R.I. Servi\u00e7os Log\u00edsticos LTDA \u00e9 especializada em Transporte Rodovi\u00e1rio de Cargas, oferecendo solu\u00e7\u00f5es \u00e1geis, seguras e eficientes para atender diferentes necessidades log\u00edsticas. Atuamos em diversas rotas, sempre com foco em rapidez, confiabilidade e compromisso com os prazos. Cada transporte \u00e9 realizado com aten\u00e7\u00e3o \u00e0 seguran\u00e7a, planejamento e acompanhamento pr\u00f3ximo, assegurando tranquilidade para nossos clientes.<\/p>\n<p>[\/vc_column_text][\/vc_column][\/vc_row][vc_row wrap_container=&#8221;yes&#8221; el_class=&#8221;m-b-xlg&#8221;][vc_column width=&#8221;1\/2&#8243;][vc_single_image image=&#8221;725&#8243; img_size=&#8221;full&#8221; animation_type=&#8221;bounceInRight&#8221;][\/vc_column][vc_column width=&#8221;1\/2&#8243;][vc_column_text]<\/p>\n<h3>Log\u00edstica Personalizada<\/h3>\n<p>[\/vc_column_text][vc_column_text]<\/p>\n<p style=\"text-align: justify;\">Planejamento estrat\u00e9gico de acordo com o perfil de cada cliente. Na L.P.R Servi\u00e7os Log\u00edsticos LTDA, entendemos que cada cliente possui necessidades \u00fanicas quando o assunto \u00e9 transporte e log\u00edstica. Por isso, desenvolvemos um planejamento estrat\u00e9gico personalizado, elaborado de acordo com o perfil e os objetivos de cada opera\u00e7\u00e3o.<\/p>\n<p>[\/vc_column_text][\/vc_column][\/vc_row][vc_row wrap_container=&#8221;yes&#8221; el_class=&#8221;m-b-xlg&#8221;][vc_column width=&#8221;1\/2&#8243;][vc_single_image image=&#8221;723&#8243; img_size=&#8221;full&#8221; animation_type=&#8221;bounceInRight&#8221;][\/vc_column][vc_column width=&#8221;1\/2&#8243;][vc_column_text]<\/p>\n<h3>Distribui\u00e7\u00e3o e Coletas<\/h3>\n<p>[\/vc_column_text][vc_column_text]<\/p>\n<p style=\"text-align: justify;\">Oferecemos servi\u00e7os de Distribui\u00e7\u00e3o e Coletas com foco em agilidade, organiza\u00e7\u00e3o e pontualidade. Nossas opera\u00e7\u00f5es s\u00e3o planejadas para atender prazos curtos e demandas espec\u00edficas, garantindo que cada entrega seja realizada com efici\u00eancia e seguran\u00e7a. Contamos com uma frota mista de ve\u00edculos pr\u00f3prios e agregados, o que nos permite flexibilidade para atender diferentes volumes e tipos de carga.<\/p>\n<p>[\/vc_column_text][\/vc_column][\/vc_row][vc_row wrap_container=&#8221;yes&#8221; el_class=&#8221;m-b-xlg&#8221;][vc_column width=&#8221;1\/2&#8243;][vc_single_image image=&#8221;724&#8243; img_size=&#8221;full&#8221; animation_type=&#8221;bounceInRight&#8221;][\/vc_column][vc_column width=&#8221;1\/2&#8243;][vc_column_text]<\/p>\n<h3>Frota Flex\u00edvel<\/h3>\n<p>[\/vc_column_text][vc_column_text]<\/p>\n<p style=\"text-align: justify;\">Ve\u00edculos adaptados para diferentes tipos de carga, garantindo seguran\u00e7a no transporte. Nosso diferencial est\u00e1 na agilidade, flexibilidade e no atendimento pr\u00f3ximo e transparente, sempre priorizando a satisfa\u00e7\u00e3o de nossos clientes. R.I. Servi\u00e7os Log\u00edsticos LTDA \u2013 Conectando empresas e destinos com responsabilidade.<\/p>\n<p>[\/vc_column_text][\/vc_column][\/vc_row][vc_row wrap_container=&#8221;yes&#8221; el_class=&#8221;m-b-xlg&#8221;][vc_column width=&#8221;1\/2&#8243;][vc_single_image image=&#8221;830&#8243; img_size=&#8221;full&#8221; animation_type=&#8221;bounceInRight&#8221;][\/vc_column][vc_column width=&#8221;1\/2&#8243;][vc_column_text]<\/p>\n<h3>Armazenagem<\/h3>\n<p>[\/vc_column_text][vc_column_text]<\/p>\n<p style=\"text-align: justify;\">Armazenagem refere-se ao conjunto de atividades log\u00edsticas de recebimento, guarda, movimenta\u00e7\u00e3o, organiza\u00e7\u00e3o, prote\u00e7\u00e3o e expedi\u00e7\u00e3o de materiais, produtos e mat\u00e9rias-primas em um local espec\u00edfico. Seu objetivo \u00e9 garantir que os produtos estejam dispon\u00edveis no momento certo e nas condi\u00e7\u00f5es ideais, otimizando o uso do espa\u00e7o e agregando valor ao longo da cadeia de suprimentos para atender \u00e0s necessidades do mercado e dos clientes.<\/p>\n<p>[\/vc_column_text][\/vc_column][\/vc_row]<\/p>\n<\/section>","protected":false},"excerpt":{"rendered":"<p>[vc_row wrap_container=&#8221;yes&#8221; el_class=&#8221;m-b-xlg&#8221;][vc_column width=&#8221;1\/2&#8243;][vc_single_image image=&#8221;721&#8243; img_size=&#8221;full&#8221; animation_type=&#8221;bounceInRight&#8221;][\/vc_column][vc_column width=&#8221;1\/2&#8243;][vc_column_text] Transporte Rodovi\u00e1rio de Cargas [\/vc_column_text][vc_column_text] A R.I. Servi\u00e7os Log\u00edsticos LTDA \u00e9 especializada em Transporte Rodovi\u00e1rio de Cargas, oferecendo solu\u00e7\u00f5es \u00e1geis, seguras e eficientes para atender diferentes necessidades log\u00edsticas. Atuamos em diversas rotas, sempre com foco em rapidez, confiabilidade e compromisso com os prazos. Cada transporte \u00e9 realizado [&hellip;]<\/p>\n","protected":false},"author":1,"featured_media":0,"parent":0,"menu_order":0,"comment_status":"closed","ping_status":"closed","template":"","meta":{"footnotes":""},"class_list":["post-45","page","type-page","status-publish","hentry"],"_links":{"self":[{"href":"https:\/\/rastreiointegrado.com.br\/index.php\/wp-json\/wp\/v2\/pages\/45","targetHints":{"allow":["GET"]}}],"collection":[{"href":"https:\/\/rastreiointegrado.com.br\/index.php\/wp-json\/wp\/v2\/pages"}],"about":[{"href":"https:\/\/rastreiointegrado.com.br\/index.php\/wp-json\/wp\/v2\/types\/page"}],"author":[{"embeddable":true,"href":"https:\/\/rastreiointegrado.com.br\/index.php\/wp-json\/wp\/v2\/users\/1"}],"replies":[{"embeddable":true,"href":"https:\/\/rastreiointegrado.com.br\/index.php\/wp-json\/wp\/v2\/comments?post=45"}],"version-history":[{"count":23,"href":"https:\/\/rastreiointegrado.com.br\/index.php\/wp-json\/wp\/v2\/pages\/45\/revisions"}],"predecessor-version":[{"id":894,"href":"https:\/\/rastreiointegrado.com.br\/index.php\/wp-json\/wp\/v2\/pages\/45\/revisions\/894"}],"wp:attachment":[{"href":"https:\/\/rastreiointegrado.com.br\/index.php\/wp-json\/wp\/v2\/media?parent=45"}],"curies":[{"name":"wp","href":"https:\/\/api.w.org\/{rel}","templated":true}]}}