{"id":849,"date":"2025-09-22T21:06:32","date_gmt":"2025-09-23T00:06:32","guid":{"rendered":"https:\/\/rastreiointegrado.com.br\/?page_id=849"},"modified":"2025-09-22T21:51:40","modified_gmt":"2025-09-23T00:51:40","slug":"rastreamento-de-objetos","status":"publish","type":"page","link":"https:\/\/rastreiointegrado.com.br\/index.php\/rastreamento-de-objetos\/","title":{"rendered":"Rastreamento de Objetos"},"content":{"rendered":"<section class=\"wpb-content-wrapper\"><p>[vc_row full_width=&#8221;stretch_row_content_no_spaces&#8221; conditional_render=&#8221;%5B%7B%22value_role%22%3A%22administrator%22%7D%5D&#8221;][vc_column css=&#8221;.vc_custom_1757077864659{margin-bottom: 50px !important;border-bottom-width: 50px !important;padding-bottom: 50px !important;}&#8221; conditional_render=&#8221;%5B%7B%22value_role%22%3A%22administrator%22%7D%5D&#8221;][\/vc_column][\/vc_row][vc_row wrap_container=&#8221;yes&#8221; el_class=&#8221;m-b-xxl p-t-xxl&#8221; css=&#8221;.vc_custom_1643417459549{padding-bottom: 42px !important;}&#8221;][vc_column css=&#8221;.vc_custom_1643417481250{margin-top: 38px !important;}&#8221;]<div class=\"porto-u-heading divider-w-50 rounded-2 overflow-hidden mx-auto m-b-sm  wpb_custom_95aa9a11c17ad45cfabaf210d84ee7cc porto-u-3904\" data-appear-animation=\"fadeInUp\"><div class=\"porto-u-heading-spacer line_only\" style=\"height:6px;\"><span class=\"porto-u-headings-line\" style=\"border-style:solid;border-bottom-width:6px;border-color:#f0008c;width:50px;\"><\/span><\/div><style>.porto-u-3904.porto-u-heading{text-align:left} .porto-u-3904 .porto-u-headings-line{float: left;}<\/style><\/div>[vc_custom_heading text=&#8221;Rastreamento de Objetos&#8221; font_container=&#8221;tag:h2|font_size:1.2em|text_align:center|color:%23969696&#8243; use_theme_fonts=&#8221;yes&#8221; font_weight=&#8221;600&#8243; letter_spacing=&#8221;2.5px&#8221; animation_delay=&#8221;100&#8243; css=&#8221;.vc_custom_1758586019380{margin-bottom: -3px !important;}&#8221; animation_type=&#8221;fadeInUp&#8221;][vc_custom_heading text=&#8221;Rastrear seu Pedido&#8221; font_container=&#8221;tag:h2|font_size:2.3em|text_align:center|line_height:42px&#8221; use_theme_fonts=&#8221;yes&#8221; animation_delay=&#8221;200&#8243; el_class=&#8221;w-max-770 mx-auto pb-5 mb-n-1&#8243; animation_type=&#8221;fadeInUp&#8221;][vc_row_inner content_placement=&#8221;middle&#8221;][vc_column_inner el_class=&#8221;text-center mb-lg-0 mb-4&#8243; offset=&#8221;vc_col-md-6&#8243; css=&#8221;.vc_custom_1642915991632{padding-top: 60px !important;padding-right: 12px !important;padding-bottom: 60px !important;padding-left: 12px !important;}&#8221;]<div class=\"porto-animation custom-dots-svg custom-dots-svg-3 position-absolute\"  data-appear-animation=\"zoomIn\" data-appear-animation-delay=\"1000\"><div class=\"porto-just-icon-wrapper porto-icon none h-160 w-160\" style=\"font-size:32px;\"><i class=\"porto-icon-grid\"><\/i><\/div><\/div><div class=\"porto-animation custom-dots-svg custom-dots-svg-4 position-absolute\"  data-appear-animation=\"zoomIn\" data-appear-animation-delay=\"1200\"><div class=\"porto-just-icon-wrapper porto-icon none h-160 w-160\" style=\"font-size:32px;\"><i class=\"porto-icon-grid\"><\/i><\/div><\/div>[vc_single_image image=&#8221;863&#8243; img_size=&#8221;full&#8221; alignment=&#8221;center&#8221; label=&#8221;&#8221;][\/vc_column_inner][vc_column_inner animation_delay=&#8221;300&#8243; animation_type=&#8221;fadeIn&#8221; offset=&#8221;vc_col-md-6&#8243;]<div class=\"porto-animation\" >[vc_column_text]<div  class=\"ewd-otp-form ewd-otp-tracking-form-div\" >\n\n\t<div class='ewd-otp-tracking-results'>\n\t\t\t<\/div>\n\n\t\n\t<div class='ewd-otp-order-tracking-form-div'>\n\n\t\t<h3>\n\t\t\tRastrear um pedido\t\t<\/h3>\n\n\t\t<div class='ewd-otp-tracking-form-instructions'>\n\t\t\tInsira o n\u00famero do pedido que voc\u00ea gostaria de rastrear no formul\u00e1rio abaixo.\t\t<\/div>\n\n\t\t\n\t\t\t<form action='#' method='post'  class='ewd-otp-tracking-form'>\n\t\n\t\t\t\t<input type='hidden' name='ewd_otp_form_type' value='order_form' \/>\n\t\n\t\t\t\t<div class='ewd-otp-form-identifier'>\n\n\t<label for='ewd_otp_identifier_number' class='ewd-otp-field-label'>N\u00famero do pedido: <\/label>\n\t\n\t<input type='text' name='ewd_otp_identifier_number' placeholder='' \/>\n\n<\/div>\t\n\t\t\t\t\t\n\t\t\t\t<div class='ewd-otp-form-submit'>\n\n\t<label for='ewd_otp_form_submit'><\/label>\n\n\t<input type='submit' class='ewd-otp-submit' name='ewd_otp_form_submit' value='Rastrear' \/>\n\n<\/div>\t\n\t\t\t<\/form>\n\n\t\t\n\t\t\n\t<\/div>\n\n<\/div>[\/vc_column_text]<\/div>[\/vc_column_inner][\/vc_row_inner][\/vc_column][\/vc_row]<\/p>\n<\/section>","protected":false},"excerpt":{"rendered":"<p>[vc_row full_width=&#8221;stretch_row_content_no_spaces&#8221; conditional_render=&#8221;%5B%7B%22value_role%22%3A%22administrator%22%7D%5D&#8221;][vc_column css=&#8221;.vc_custom_1757077864659{margin-bottom: 50px !important;border-bottom-width: 50px !important;padding-bottom: 50px !important;}&#8221; conditional_render=&#8221;%5B%7B%22value_role%22%3A%22administrator%22%7D%5D&#8221;][\/vc_column][\/vc_row][vc_row wrap_container=&#8221;yes&#8221; el_class=&#8221;m-b-xxl p-t-xxl&#8221; css=&#8221;.vc_custom_1643417459549{padding-bottom: 42px !important;}&#8221;][vc_column css=&#8221;.vc_custom_1643417481250{margin-top: 38px !important;}&#8221;][vc_custom_heading text=&#8221;Rastreamento de Objetos&#8221; font_container=&#8221;tag:h2|font_size:1.2em|text_align:center|color:%23969696&#8243; use_theme_fonts=&#8221;yes&#8221; font_weight=&#8221;600&#8243; letter_spacing=&#8221;2.5px&#8221; animation_delay=&#8221;100&#8243; css=&#8221;.vc_custom_1758586019380{margin-bottom: -3px !important;}&#8221; animation_type=&#8221;fadeInUp&#8221;][vc_custom_heading text=&#8221;Rastrear seu Pedido&#8221; font_container=&#8221;tag:h2|font_size:2.3em|text_align:center|line_height:42px&#8221; use_theme_fonts=&#8221;yes&#8221; animation_delay=&#8221;200&#8243; el_class=&#8221;w-max-770 mx-auto pb-5 mb-n-1&#8243; animation_type=&#8221;fadeInUp&#8221;][vc_row_inner content_placement=&#8221;middle&#8221;][vc_column_inner el_class=&#8221;text-center mb-lg-0 mb-4&#8243; offset=&#8221;vc_col-md-6&#8243; css=&#8221;.vc_custom_1642915991632{padding-top: 60px !important;padding-right: 12px !important;padding-bottom: 60px !important;padding-left: [&hellip;]<\/p>\n","protected":false},"author":2,"featured_media":0,"parent":0,"menu_order":0,"comment_status":"closed","ping_status":"closed","template":"","meta":{"footnotes":""},"class_list":["post-849","page","type-page","status-publish","hentry"],"_links":{"self":[{"href":"https:\/\/rastreiointegrado.com.br\/index.php\/wp-json\/wp\/v2\/pages\/849","targetHints":{"allow":["GET"]}}],"collection":[{"href":"https:\/\/rastreiointegrado.com.br\/index.php\/wp-json\/wp\/v2\/pages"}],"about":[{"href":"https:\/\/rastreiointegrado.com.br\/index.php\/wp-json\/wp\/v2\/types\/page"}],"author":[{"embeddable":true,"href":"https:\/\/rastreiointegrado.com.br\/index.php\/wp-json\/wp\/v2\/users\/2"}],"replies":[{"embeddable":true,"href":"https:\/\/rastreiointegrado.com.br\/index.php\/wp-json\/wp\/v2\/comments?post=849"}],"version-history":[{"count":5,"href":"https:\/\/rastreiointegrado.com.br\/index.php\/wp-json\/wp\/v2\/pages\/849\/revisions"}],"predecessor-version":[{"id":869,"href":"https:\/\/rastreiointegrado.com.br\/index.php\/wp-json\/wp\/v2\/pages\/849\/revisions\/869"}],"wp:attachment":[{"href":"https:\/\/rastreiointegrado.com.br\/index.php\/wp-json\/wp\/v2\/media?parent=849"}],"curies":[{"name":"wp","href":"https:\/\/api.w.org\/{rel}","templated":true}]}}